{"id":8189,"date":"2020-12-13T00:56:25","date_gmt":"2020-12-12T23:56:25","guid":{"rendered":"https:\/\/carico-coaching.de\/kontaktoni\/"},"modified":"2024-04-12T19:48:24","modified_gmt":"2024-04-12T17:48:24","slug":"kontaktoni","status":"publish","type":"page","link":"https:\/\/carico-coaching.de\/sq\/kontaktoni\/","title":{"rendered":"Kontaktoni"},"content":{"rendered":"<p>[et_pb_section fb_built=&#8221;1&#8243; _builder_version=&#8221;4.7.0&#8243; use_background_color_gradient=&#8221;on&#8221; background_color_gradient_start=&#8221;rgba(0,0,0,0.05)&#8221; background_color_gradient_end=&#8221;rgba(20,22,0,0.26)&#8221; background_color_gradient_direction=&#8221;90deg&#8221; background_color_gradient_start_position=&#8221;50%&#8221; background_color_gradient_end_position=&#8221;0%&#8221; custom_padding=&#8221;0px||0px|||&#8221;][et_pb_row _builder_version=&#8221;4.7.6&#8243; _module_preset=&#8221;default&#8221; background_image=&#8221;https:\/\/carico-coaching.de\/wp-content\/uploads\/2020\/12\/hands-5581460_1920.jpg&#8221; width=&#8221;100%&#8221; max_width=&#8221;2560px&#8221; custom_padding=&#8221;100px||100px||true|false&#8221; hover_enabled=&#8221;0&#8243; alt=&#8221;H\u00e4nde&#8221; title_text=&#8221;H\u00e4nde&#8221; sticky_enabled=&#8221;0&#8243;][et_pb_column type=&#8221;4_4&#8243; _builder_version=&#8221;4.7.4&#8243; _module_preset=&#8221;default&#8221;][et_pb_text _builder_version=&#8221;4.7.6&#8243; _module_preset=&#8221;default&#8221; header_2_font=&#8221;|||on|||||&#8221; header_2_text_align=&#8221;center&#8221; header_2_text_color=&#8221;#ffffff&#8221; header_2_font_size=&#8221;100px&#8221; header_3_font=&#8221;|||on|||||&#8221; header_3_text_color=&#8221;#ffffff&#8221; header_3_font_size=&#8221;41px&#8221; header_4_font=&#8221;|||on|||||&#8221; header_4_font_size=&#8221;22px&#8221; text_orientation=&#8221;center&#8221; custom_margin=&#8221;50px||50px||false|false&#8221; hover_enabled=&#8221;0&#8243; sticky_enabled=&#8221;0&#8243;]<\/p>\n<h2>Kontaktoni<\/h2>\n<h3>K\u00ebshtu arrini tek ne<\/h3>\n<p>[\/et_pb_text][\/et_pb_column][\/et_pb_row][et_pb_row use_custom_gutter=&#8221;on&#8221; gutter_width=&#8221;1&#8243; make_equal=&#8221;on&#8221; _builder_version=&#8221;4.7.4&#8243; _module_preset=&#8221;default&#8221; background_enable_color=&#8221;off&#8221; background_enable_image=&#8221;off&#8221; custom_padding=&#8221;0px||0px||true|false&#8221;][et_pb_column type=&#8221;4_4&#8243; _builder_version=&#8221;4.7.4&#8243; _module_preset=&#8221;default&#8221; background_enable_color=&#8221;off&#8221; custom_padding=&#8221;40px||40px||true|false&#8221;][et_pb_text _builder_version=&#8221;4.7.6&#8243; _module_preset=&#8221;default&#8221; text_font_size=&#8221;20px&#8221; header_2_text_align=&#8221;center&#8221; header_2_font_size=&#8221;36px&#8221; header_5_font=&#8221;|600||on|||||&#8221; header_5_line_height=&#8221;1.2em&#8221; text_orientation=&#8221;center&#8221; custom_margin=&#8221;||72px|||&#8221; hover_enabled=&#8221;0&#8243; sticky_enabled=&#8221;0&#8243;]<\/p>\n<h2>Arritni destinacionin tuaj plot energji<\/h2>\n<p>&nbsp;<br \/>\nJu e keni at\u00eb! Ne shohim di\u00e7ka tek ju!<\/p>\n<p>Training Carico d\u00ebshiron t&#8217;ju shoq\u00ebroj\u00eb,<br \/>\np\u00ebr t\u00eb zbuluar dhe p\u00ebrdorur potencialin tuaj.<br \/>\n&nbsp;<\/p>\n<h5>kariko[ital .] : energjike<\/h5>\n<p>[\/et_pb_text][et_pb_text _builder_version=&#8221;4.7.6&#8243; _module_preset=&#8221;default&#8221; text_font_size=&#8221;20px&#8221; header_2_text_align=&#8221;center&#8221; header_2_font_size=&#8221;36px&#8221; header_5_font=&#8221;|600||on|||||&#8221; header_5_line_height=&#8221;1.2em&#8221; text_orientation=&#8221;center&#8221; custom_margin=&#8221;||72px|||&#8221; hover_enabled=&#8221;0&#8243; sticky_enabled=&#8221;0&#8243; link_text_color=&#8221;#000000&#8243; text_font=&#8221;||||||||&#8221; header_3_font_size=&#8221;30px&#8221; header_3_font=&#8221;|||on|||||&#8221;]<\/p>\n<h2>K\u00ebshtu arrini tek ne<\/h2>\n<p>&nbsp;<\/p>\n<h3><a href=\"mailto:info@carico-coaching.de\">Carico Coaching <i class=\"material-icons\" style=\"font-size:36px;margin-left:20px;\">forward_to_inbox<\/i><\/a> <a href=\"https:\/\/carico-coaching.de\/sq\/\"><i class=\"material-icons\" style=\"font-size:36px;margin-left:20px;\">travel_explore<\/i><\/a> <a href=\"https:\/\/carico-coaching.de\/sq\/?page_id=8190\"><i class=\"material-icons\" style=\"font-size:36px;margin-left:20px;\">home<\/i><\/a> <a href=\"https:\/\/www.instagram.com\/carico_coaching\/\" target=\"_blank\" rel=\"noopener\"><i class=\"material-icons\" style=\"font-size:36px;margin-left:20px;\">follow_the_signs<\/i><\/a><\/h3>\n<p>&nbsp;<\/p>\n<p><a href=\"mailto:laura@carico-coaching.de\">Laura Gro\u00dfhennig <i class=\"material-icons\" style=\"font-size:36px;margin-left:20px;\">forward_to_inbox<\/i><\/a><\/p>\n<p><a href=\"mailto:lukas@carico-coaching.de\">Lukas Pohl <i class=\"material-icons\" style=\"font-size:36px;margin-left:20px;\">p\u00ebrpara_n\u00eb_inbox<\/i><\/a><\/p>\n<p><a href=\"mailto:aspringhut@carico-coaching.de\">Andr\u00e9 Springhut <i class=\"material-icons\" style=\"font-size:36px;margin-left:20px;\">forward_to_inbox<\/i><\/a><br \/>\n&nbsp;<br \/>\n&nbsp;<\/p>\n<p>[\/et_pb_text][et_pb_text _builder_version=&#8221;4.7.6&#8243; _module_preset=&#8221;default&#8221; text_font_size=&#8221;20px&#8221; header_2_text_align=&#8221;center&#8221; header_2_font_size=&#8221;36px&#8221; header_5_font=&#8221;|600||on|||||&#8221; header_5_line_height=&#8221;1.2em&#8221; text_orientation=&#8221;center&#8221; custom_margin=&#8221;||41px|||&#8221; hover_enabled=&#8221;0&#8243; sticky_enabled=&#8221;0&#8243; link_text_color=&#8221;#000000&#8243; text_font=&#8221;||||||||&#8221; header_3_font_size=&#8221;30px&#8221; header_3_font=&#8221;|||on|||||&#8221;]<\/p>\n<h2 id=\"geben\">M\u00ebnyrat tona t\u00eb pages\u00ebs<\/h2>\n<p>[\/et_pb_text][et_pb_button button_url=&#8221;https:\/\/paypal.me\/aspringhut&#8221; button_text=&#8221;Llogaria jon\u00eb Paypal&#8221; button_alignment=&#8221;center&#8221; _builder_version=&#8221;4.7.6&#8243; _module_preset=&#8221;default&#8221; custom_button=&#8221;on&#8221; button_text_color=&#8221;#000000&#8243; hover_enabled=&#8221;0&#8243; sticky_enabled=&#8221;0&#8243;][\/et_pb_button][et_pb_text _builder_version=&#8221;4.7.6&#8243; _module_preset=&#8221;default&#8221; text_font_size=&#8221;20px&#8221; header_2_text_align=&#8221;center&#8221; header_2_font_size=&#8221;36px&#8221; header_5_font=&#8221;|600||on|||||&#8221; header_5_line_height=&#8221;1.2em&#8221; text_orientation=&#8221;center&#8221; custom_margin=&#8221;30px||||false|false&#8221; hover_enabled=&#8221;0&#8243; sticky_enabled=&#8221;0&#8243; link_text_color=&#8221;#000000&#8243;]<a href=\"https:\/\/paypal.me\/aspringhut\" target=\"_blank\" rel=\"noopener\">paypal.me\/aspringhut<\/a>[\/et_pb_text][et_pb_button button_url=&#8221;#&#8221; button_text=&#8221;lidhjen ton\u00eb bankare&#8221; button_alignment=&#8221;center&#8221; _builder_version=&#8221;4.7.6&#8243; _module_preset=&#8221;default&#8221; custom_button=&#8221;on&#8221; button_text_color=&#8221;#000000&#8243; hover_enabled=&#8221;0&#8243; custom_margin=&#8221;50px||||false|false&#8221; sticky_enabled=&#8221;0&#8243;][\/et_pb_button][et_pb_text _builder_version=&#8221;4.7.6&#8243; _module_preset=&#8221;default&#8221; text_font_size=&#8221;20px&#8221; header_2_text_align=&#8221;center&#8221; header_2_font_size=&#8221;36px&#8221; header_5_font=&#8221;|600||on|||||&#8221; header_5_line_height=&#8221;1.2em&#8221; text_orientation=&#8221;center&#8221; custom_margin=&#8221;30px||||false|false&#8221; hover_enabled=&#8221;0&#8243; sticky_enabled=&#8221;0&#8243;]Andre Springhut<br \/>\nDE62 2004 1111 0539 4622 00<br \/>\nkomdirekt[\/et_pb_text][\/et_pb_column][\/et_pb_row][et_pb_row _builder_version=&#8221;4.7.0&#8243; background_size=&#8221;initial&#8221; background_position=&#8221;top_left&#8221; background_repeat=&#8221;repeat&#8221;][et_pb_column type=&#8221;4_4&#8243; _builder_version=&#8221;3.25&#8243; custom_padding=&#8221;|||&#8221; custom_padding__hover=&#8221;|||&#8221;][et_pb_text _builder_version=&#8221;4.7.6&#8243; _module_preset=&#8221;default&#8221; header_2_font=&#8221;|||on|||||&#8221; header_2_text_align=&#8221;center&#8221; header_2_font_size=&#8221;36px&#8221; custom_margin=&#8221;52px|||||&#8221; hover_enabled=&#8221;0&#8243; sticky_enabled=&#8221;0&#8243;]<\/p>\n<h2>Ekipi<\/h2>\n<p>[\/et_pb_text][\/et_pb_column][\/et_pb_row][et_pb_row column_structure=&#8221;1_3,1_3,1_3&#8243; make_equal=&#8221;on&#8221; _builder_version=&#8221;4.7.4&#8243; _module_preset=&#8221;default&#8221;][et_pb_column type=&#8221;1_3&#8243; _builder_version=&#8221;4.7.0&#8243; _module_preset=&#8221;default&#8221;][et_pb_image src=&#8221;https:\/\/carico-coaching.de\/wp-content\/uploads\/2020\/11\/lukas_pohl_in.jpg&#8221; alt=&#8221;Luke Pohl&#8221; title_text=&#8221;Luke Pohl&#8221; _builder_version=&#8221;4.7.4&#8243; _module_preset=&#8221;default&#8221; width=&#8221;80%&#8221; module_alignment=&#8221;center&#8221;][\/et_pb_image][et_pb_text _builder_version=&#8221;4.7.0&#8243; _module_preset=&#8221;default&#8221; text_text_color=&#8221;#000000&#8243; text_font_size=&#8221;18px&#8221; header_2_font=&#8221;|||on|||||&#8221; header_2_text_align=&#8221;center&#8221; header_5_font=&#8221;|||on|||||&#8221; header_5_text_align=&#8221;center&#8221; header_5_text_color=&#8221;#7a7a7a&#8221; text_orientation=&#8221;center&#8221;]<\/p>\n<h2>Luke Pohl<\/h2>\n<p>Menaxhment dhe Burime Njer\u00ebzore BA<br \/>\n&nbsp;[\/et_pb_text][\/et_pb_column][et_pb_column type=&#8221;1_3&#8243; _builder_version=&#8221;4.7.4&#8243; _module_preset=&#8221;default&#8221;][et_pb_image src=&#8221;https:\/\/carico-coaching.de\/wp-content\/uploads\/2020\/11\/laura_grosshennig-800.jpg&#8221; alt=&#8221;Laura Grosshennig&#8221; title_text=&#8221;Laura Grosshennig&#8221; _builder_version=&#8221;4.7.4&#8243; _module_preset=&#8221;default&#8221; width=&#8221;80%&#8221; module_alignment=&#8221;center&#8221;][\/et_pb_image][et_pb_text _builder_version=&#8221;4.7.0&#8243; _module_preset=&#8221;default&#8221; text_text_color=&#8221;#000000&#8243; text_font_size=&#8221;18px&#8221; header_2_font=&#8221;|||on|||||&#8221; header_2_text_align=&#8221;center&#8221; header_5_font=&#8221;|||on|||||&#8221; header_5_text_align=&#8221;center&#8221; header_5_text_color=&#8221;#7a7a7a&#8221; text_orientation=&#8221;center&#8221;]<\/p>\n<h2>Laura Grosshennig<\/h2>\n<p>K\u00ebshillim Psikosocial + Nd\u00ebrmjet\u00ebsim MA (2021)[\/et_pb_text][\/et_pb_column][et_pb_column type=&#8221;1_3&#8243; _builder_version=&#8221;4.7.0&#8243; _module_preset=&#8221;default&#8221;][et_pb_image src=&#8221;https:\/\/carico-coaching.de\/wp-content\/uploads\/2020\/11\/a_springhut_800_w.jpg&#8221; alt=&#8221;Andre Springhut&#8221; title_text=&#8221;Andre Springhut&#8221; _builder_version=&#8221;4.7.4&#8243; _module_preset=&#8221;default&#8221; width=&#8221;80%&#8221; module_alignment=&#8221;center&#8221;][\/et_pb_image][et_pb_text _builder_version=&#8221;4.7.0&#8243; _module_preset=&#8221;default&#8221; text_text_color=&#8221;#000000&#8243; text_font_size=&#8221;18px&#8221; header_2_font=&#8221;|||on|||||&#8221; header_2_text_align=&#8221;center&#8221; header_5_font=&#8221;|||on|||||&#8221; header_5_text_align=&#8221;center&#8221; header_5_text_color=&#8221;#7a7a7a&#8221; text_orientation=&#8221;center&#8221;]<\/p>\n<h2>Andre Springhut<\/h2>\n<p>Themeluesi i Pais Gjermani<br \/>\n&nbsp;[\/et_pb_text][\/et_pb_column][\/et_pb_row][et_pb_row _builder_version=&#8221;4.7.4&#8243; _module_preset=&#8221;default&#8221; custom_margin=&#8221;||||false|false&#8221; custom_padding=&#8221;45px||80px||false|false&#8221;][et_pb_column type=&#8221;4_4&#8243; _builder_version=&#8221;4.7.0&#8243; _module_preset=&#8221;default&#8221;][et_pb_text _builder_version=&#8221;4.7.4&#8243; _module_preset=&#8221;default&#8221; text_font=&#8221;|||on|||||&#8221; text_text_color=&#8221;#000000&#8243; link_text_color=&#8221;#000000&#8243; text_orientation=&#8221;center&#8221; custom_margin=&#8221;55px||||false|false&#8221; link_option_url_new_window=&#8221;on&#8221;]<a href=\"https:\/\/www.instagram.com\/carico_coaching\/\" target=\"_blank\" rel=\"noopener noreferrer\"><img loading=\"lazy\" decoding=\"async\" src=\"https:\/\/carico-coaching.de\/wp-content\/uploads\/2020\/11\/instagram.png\" width=\"100\" height=\"300\" alt=\"Instagram\" class=\"wp-image-113 aligncenter size-full\"><br \/>\nNa provoni n\u00eb Instagram<\/a>[\/et_pb_text][\/et_pb_column][\/et_pb_row][\/et_pb_section]<\/p>\n","protected":false},"excerpt":{"rendered":"<p>Kontaktoni K\u00ebshtu arrini tek neArritni destinacionin tuaj plot energji &nbsp; Ju e keni at\u00eb! Ne shohim di\u00e7ka tek ju! Training Carico d\u00ebshiron t&#8217;ju shoq\u00ebroj\u00eb, p\u00ebr t\u00eb zbuluar dhe p\u00ebrdorur potencialin tuaj. &nbsp; kariko[ital .] : energjikeK\u00ebshtu arrini tek ne &nbsp; Carico Coaching forward_to_inbox travel_explore home follow_the_signs &nbsp; Laura Gro\u00dfhennig forward_to_inbox Lukas Pohl p\u00ebrpara_n\u00eb_inbox Andr\u00e9 Springhut [&hellip;]<\/p>\n","protected":false},"author":1,"featured_media":0,"parent":0,"menu_order":0,"comment_status":"closed","ping_status":"closed","template":"","meta":{"_acf_changed":false,"_et_pb_use_builder":"on","_et_pb_old_content":"","_et_gb_content_width":"","footnotes":""},"class_list":["post-8189","page","type-page","status-publish","hentry"],"acf":[],"_links":{"self":[{"href":"https:\/\/carico-coaching.de\/sq\/wp-json\/wp\/v2\/pages\/8189","targetHints":{"allow":["GET"]}}],"collection":[{"href":"https:\/\/carico-coaching.de\/sq\/wp-json\/wp\/v2\/pages"}],"about":[{"href":"https:\/\/carico-coaching.de\/sq\/wp-json\/wp\/v2\/types\/page"}],"author":[{"embeddable":true,"href":"https:\/\/carico-coaching.de\/sq\/wp-json\/wp\/v2\/users\/1"}],"replies":[{"embeddable":true,"href":"https:\/\/carico-coaching.de\/sq\/wp-json\/wp\/v2\/comments?post=8189"}],"version-history":[{"count":0,"href":"https:\/\/carico-coaching.de\/sq\/wp-json\/wp\/v2\/pages\/8189\/revisions"}],"wp:attachment":[{"href":"https:\/\/carico-coaching.de\/sq\/wp-json\/wp\/v2\/media?parent=8189"}],"curies":[{"name":"wp","href":"https:\/\/api.w.org\/{rel}","templated":true}]}}